{"id":7382,"date":"2024-07-08T13:13:31","date_gmt":"2024-07-08T13:13:31","guid":{"rendered":"https:\/\/appolyon.com\/?page_id=7382"},"modified":"2024-09-21T12:33:15","modified_gmt":"2024-09-21T12:33:15","slug":"connexion","status":"publish","type":"page","link":"https:\/\/appolyon.com\/en\/connexion\/","title":{"rendered":"Sing In"},"content":{"rendered":"<div data-elementor-type=\"wp-page\" data-elementor-id=\"7382\" class=\"elementor elementor-7382\">\n\t\t\t\t<div class=\"elementor-element elementor-element-1c6f0f0 e-flex e-con-boxed e-con e-parent\" data-id=\"1c6f0f0\" data-element_type=\"container\">\n\t\t\t\t\t<div class=\"e-con-inner\">\n\t\t\t\t<div class=\"elementor-element elementor-element-9bf1e78 elementor-widget elementor-widget-spacer\" data-id=\"9bf1e78\" data-element_type=\"widget\" data-widget_type=\"spacer.default\">\n\t\t\t\t<div class=\"elementor-widget-container\">\n\t\t\t\t\t\t\t<div class=\"elementor-spacer\">\n\t\t\t<div class=\"elementor-spacer-inner\"><\/div>\n\t\t<\/div>\n\t\t\t\t\t\t<\/div>\n\t\t\t\t<\/div>\n\t\t\t\t\t<\/div>\n\t\t\t\t<\/div>\n\t\t<div class=\"elementor-element elementor-element-39fcf8b e-flex e-con-boxed e-con e-parent\" data-id=\"39fcf8b\" data-element_type=\"container\">\n\t\t\t\t\t<div class=\"e-con-inner\">\n\t\t\t\t<div class=\"elementor-element elementor-element-7c0fb5a elementor-widget elementor-widget-heading\" data-id=\"7c0fb5a\" data-element_type=\"widget\" data-widget_type=\"heading.default\">\n\t\t\t\t<div class=\"elementor-widget-container\">\n\t\t\t\t\t<h2 class=\"elementor-heading-title elementor-size-default\"><br><br><br>Log In<\/h2>\t\t\t\t<\/div>\n\t\t\t\t<\/div>\n\t\t\t\t\t<\/div>\n\t\t\t\t<\/div>\n\t\t<div class=\"elementor-element elementor-element-4afa0fb5 e-flex e-con-boxed e-con e-parent\" data-id=\"4afa0fb5\" data-element_type=\"container\">\n\t\t\t\t\t<div class=\"e-con-inner\">\n\t\t\t\t<div class=\"elementor-element elementor-element-35a968fd elementor-widget__width-inherit elementor-widget elementor-widget-text-editor\" data-id=\"35a968fd\" data-element_type=\"widget\" id=\"Create-account\" data-widget_type=\"text-editor.default\">\n\t\t\t\t<div class=\"elementor-widget-container\">\n\t\t\t\t\t\t\t\t\t<div id=\"fls_login_form\" class=\"fls_login_wrapper\">\n<form name=\"loginform\" id=\"loginform\" action=\"https:\/\/appolyon.com\/en\/\" method=\"post\" data-trp-original-action=\"https:\/\/appolyon.com\/\">\n<p class=\"login-username\">\n\t\t\t\t<label for=\"user_login\">Username or Email Address<\/label><br \/>\n\t\t\t\t<input type=\"text\" name=\"log\" id=\"user_login\" autocomplete=\"username\" class=\"input\" value=\"\" size=\"20\" \/>\n\t\t\t<\/p>\n<p class=\"login-password\">\n\t\t\t\t<label for=\"user_pass\">Password<\/label><br \/>\n\t\t\t\t<input type=\"password\" name=\"pwd\" id=\"user_pass\" autocomplete=\"current-password\" class=\"input\" value=\"\" size=\"20\" \/>\n\t\t\t<\/p>\n<p class=\"login-remember\"><label><input name=\"rememberme\" type=\"checkbox\" id=\"rememberme\" value=\"forever\" checked=\"checked\" \/> Remember Me<\/label><\/p>\n<p class=\"login-submit\">\n\t\t\t\t<input type=\"submit\" name=\"wp-submit\" id=\"wp-submit\" class=\"button button-primary\" value=\"Log In\" \/><br \/>\n\t\t\t\t<input type=\"hidden\" name=\"redirect_to\" value=\"\" \/>\n\t\t\t<\/p>\n<input type=\"hidden\" name=\"trp-form-language\" value=\"en\"\/><\/form>\n<\/div>\n\t\t\t\t\t\t\t\t<\/div>\n\t\t\t\t<\/div>\n\t\t\t\t\t<\/div>\n\t\t\t\t<\/div>\n\t\t<div class=\"elementor-element elementor-element-a418139 e-flex e-con-boxed e-con e-parent\" data-id=\"a418139\" data-element_type=\"container\">\n\t\t\t\t\t<div class=\"e-con-inner\">\n\t\t\t\t<div class=\"elementor-element elementor-element-7daade7 elementor-widget__width-initial elementor-widget elementor-widget-heading\" data-id=\"7daade7\" data-element_type=\"widget\" data-widget_type=\"heading.default\">\n\t\t\t\t<div class=\"elementor-widget-container\">\n\t\t\t\t\t<h2 class=\"elementor-heading-title elementor-size-default\">Pour tout achat de formation, obtenez votre acc\u00e8s \u00e0 votre compte.<\/h2>\t\t\t\t<\/div>\n\t\t\t\t<\/div>\n\t\t\t\t\t<\/div>\n\t\t\t\t<\/div>\n\t\t<div class=\"elementor-element elementor-element-93aff77 e-flex e-con-boxed e-con e-parent\" data-id=\"93aff77\" data-element_type=\"container\">\n\t\t\t\t\t<div class=\"e-con-inner\">\n\t\t\t\t<div class=\"elementor-element elementor-element-62fbe1f elementor-widget elementor-widget-spacer\" data-id=\"62fbe1f\" data-element_type=\"widget\" data-widget_type=\"spacer.default\">\n\t\t\t\t<div class=\"elementor-widget-container\">\n\t\t\t\t\t\t\t<div class=\"elementor-spacer\">\n\t\t\t<div class=\"elementor-spacer-inner\"><\/div>\n\t\t<\/div>\n\t\t\t\t\t\t<\/div>\n\t\t\t\t<\/div>\n\t\t\t\t\t<\/div>\n\t\t\t\t<\/div>\n\t\t\t\t<\/div>","protected":false},"excerpt":{"rendered":"<p>Connectez-vous Pour tout achat de formation, obtenez votre acc\u00e8s \u00e0 votre compte.<\/p>","protected":false},"author":1,"featured_media":6895,"parent":0,"menu_order":0,"comment_status":"closed","ping_status":"closed","template":"","meta":{"content-type":"","footnotes":""},"class_list":["post-7382","page","type-page","status-publish","has-post-thumbnail","hentry","entry","has-media","owp-thumbs-layout-horizontal","owp-btn-normal","owp-tabs-layout-horizontal","has-no-thumbnails","has-product-nav"],"yoast_head":"<!-- This site is optimized with the Yoast SEO plugin v26.3 - https:\/\/yoast.com\/wordpress\/plugins\/seo\/ -->\n<title>Connexion - Appolyon<\/title>\n<meta name=\"description\" content=\"Ici, vous pouvez vous connecter \u00e0 votre compte Appolyon afin d&#039;acc\u00e9der \u00e0 un chat priv\u00e9 et aux vid\u00e9os des formations propos\u00e9es.\" \/>\n<meta name=\"robots\" content=\"index, follow, max-snippet:-1, max-image-preview:large, max-video-preview:-1\" \/>\n<link rel=\"canonical\" href=\"https:\/\/appolyon.com\/en\/connexion\/\" \/>\n<meta property=\"og:locale\" content=\"en_US\" \/>\n<meta property=\"og:type\" content=\"article\" \/>\n<meta property=\"og:title\" content=\"Connexion - Appolyon\" \/>\n<meta property=\"og:description\" content=\"Ici, vous pouvez vous connecter \u00e0 votre compte Appolyon afin d&#039;acc\u00e9der \u00e0 un chat priv\u00e9 et aux vid\u00e9os des formations propos\u00e9es.\" \/>\n<meta property=\"og:url\" content=\"https:\/\/appolyon.com\/en\/connexion\/\" \/>\n<meta property=\"og:site_name\" content=\"Appolyon\" \/>\n<meta property=\"article:modified_time\" content=\"2024-09-21T12:33:15+00:00\" \/>\n<meta property=\"og:image\" content=\"https:\/\/appolyon.com\/wp-content\/uploads\/2024\/07\/Icone_Miniature-1.png\" \/>\n\t<meta property=\"og:image:width\" content=\"119\" \/>\n\t<meta property=\"og:image:height\" content=\"85\" \/>\n\t<meta property=\"og:image:type\" content=\"image\/png\" \/>\n<meta name=\"twitter:card\" content=\"summary_large_image\" \/>\n<meta name=\"twitter:label1\" content=\"Est. reading time\" \/>\n\t<meta name=\"twitter:data1\" content=\"1 minute\" \/>\n<script type=\"application\/ld+json\" class=\"yoast-schema-graph\">{\"@context\":\"https:\/\/schema.org\",\"@graph\":[{\"@type\":\"WebPage\",\"@id\":\"https:\/\/appolyon.com\/en\/connexion\/\",\"url\":\"https:\/\/appolyon.com\/en\/connexion\/\",\"name\":\"Connexion - Appolyon\",\"isPartOf\":{\"@id\":\"https:\/\/appolyon.com\/en\/#website\"},\"primaryImageOfPage\":{\"@id\":\"https:\/\/appolyon.com\/en\/connexion\/#primaryimage\"},\"image\":{\"@id\":\"https:\/\/appolyon.com\/en\/connexion\/#primaryimage\"},\"thumbnailUrl\":\"https:\/\/appolyon.com\/wp-content\/uploads\/2024\/07\/Icone_Miniature-1.png\",\"datePublished\":\"2024-07-08T13:13:31+00:00\",\"dateModified\":\"2024-09-21T12:33:15+00:00\",\"description\":\"Ici, vous pouvez vous connecter \u00e0 votre compte Appolyon afin d'acc\u00e9der \u00e0 un chat priv\u00e9 et aux vid\u00e9os des formations propos\u00e9es.\",\"breadcrumb\":{\"@id\":\"https:\/\/appolyon.com\/en\/connexion\/#breadcrumb\"},\"inLanguage\":\"en-US\",\"potentialAction\":[{\"@type\":\"ReadAction\",\"target\":[\"https:\/\/appolyon.com\/en\/connexion\/\"]}]},{\"@type\":\"ImageObject\",\"inLanguage\":\"en-US\",\"@id\":\"https:\/\/appolyon.com\/en\/connexion\/#primaryimage\",\"url\":\"https:\/\/appolyon.com\/wp-content\/uploads\/2024\/07\/Icone_Miniature-1.png\",\"contentUrl\":\"https:\/\/appolyon.com\/wp-content\/uploads\/2024\/07\/Icone_Miniature-1.png\",\"width\":119,\"height\":85},{\"@type\":\"BreadcrumbList\",\"@id\":\"https:\/\/appolyon.com\/en\/connexion\/#breadcrumb\",\"itemListElement\":[{\"@type\":\"ListItem\",\"position\":1,\"name\":\"Accueil\",\"item\":\"https:\/\/appolyon.com\/\"},{\"@type\":\"ListItem\",\"position\":2,\"name\":\"Connexion\"}]},{\"@type\":\"WebSite\",\"@id\":\"https:\/\/appolyon.com\/en\/#website\",\"url\":\"https:\/\/appolyon.com\/en\/\",\"name\":\"Appolyon\",\"description\":\"\",\"publisher\":{\"@id\":\"https:\/\/appolyon.com\/en\/#organization\"},\"potentialAction\":[{\"@type\":\"SearchAction\",\"target\":{\"@type\":\"EntryPoint\",\"urlTemplate\":\"https:\/\/appolyon.com\/en\/?s={search_term_string}\"},\"query-input\":{\"@type\":\"PropertyValueSpecification\",\"valueRequired\":true,\"valueName\":\"search_term_string\"}}],\"inLanguage\":\"en-US\"},{\"@type\":\"Organization\",\"@id\":\"https:\/\/appolyon.com\/en\/#organization\",\"name\":\"Appolyon\",\"url\":\"https:\/\/appolyon.com\/en\/\",\"logo\":{\"@type\":\"ImageObject\",\"inLanguage\":\"en-US\",\"@id\":\"https:\/\/appolyon.com\/en\/#\/schema\/logo\/image\/\",\"url\":\"https:\/\/appolyon.com\/wp-content\/uploads\/2024\/07\/cropped-appolyon-png-grande-taille.webp\",\"contentUrl\":\"https:\/\/appolyon.com\/wp-content\/uploads\/2024\/07\/cropped-appolyon-png-grande-taille.webp\",\"width\":1760,\"height\":359,\"caption\":\"Appolyon\"},\"image\":{\"@id\":\"https:\/\/appolyon.com\/en\/#\/schema\/logo\/image\/\"},\"sameAs\":[\"https:\/\/www.instagram.com\/appolyon_design\/\",\"https:\/\/www.linkedin.com\/company\/appolyon\/\",\"https:\/\/www.tiktok.com\/@appolyon_design\"]}]}<\/script>\n<!-- \/ Yoast SEO plugin. -->","yoast_head_json":{"title":"Connexion - Appolyon","description":"Ici, vous pouvez vous connecter \u00e0 votre compte Appolyon afin d'acc\u00e9der \u00e0 un chat priv\u00e9 et aux vid\u00e9os des formations propos\u00e9es.","robots":{"index":"index","follow":"follow","max-snippet":"max-snippet:-1","max-image-preview":"max-image-preview:large","max-video-preview":"max-video-preview:-1"},"canonical":"https:\/\/appolyon.com\/en\/connexion\/","og_locale":"en_US","og_type":"article","og_title":"Connexion - Appolyon","og_description":"Ici, vous pouvez vous connecter \u00e0 votre compte Appolyon afin d'acc\u00e9der \u00e0 un chat priv\u00e9 et aux vid\u00e9os des formations propos\u00e9es.","og_url":"https:\/\/appolyon.com\/en\/connexion\/","og_site_name":"Appolyon","article_modified_time":"2024-09-21T12:33:15+00:00","og_image":[{"width":119,"height":85,"url":"https:\/\/appolyon.com\/wp-content\/uploads\/2024\/07\/Icone_Miniature-1.png","type":"image\/png"}],"twitter_card":"summary_large_image","twitter_misc":{"Est. reading time":"1 minute"},"schema":{"@context":"https:\/\/schema.org","@graph":[{"@type":"WebPage","@id":"https:\/\/appolyon.com\/en\/connexion\/","url":"https:\/\/appolyon.com\/en\/connexion\/","name":"Connexion - Appolyon","isPartOf":{"@id":"https:\/\/appolyon.com\/en\/#website"},"primaryImageOfPage":{"@id":"https:\/\/appolyon.com\/en\/connexion\/#primaryimage"},"image":{"@id":"https:\/\/appolyon.com\/en\/connexion\/#primaryimage"},"thumbnailUrl":"https:\/\/appolyon.com\/wp-content\/uploads\/2024\/07\/Icone_Miniature-1.png","datePublished":"2024-07-08T13:13:31+00:00","dateModified":"2024-09-21T12:33:15+00:00","description":"Ici, vous pouvez vous connecter \u00e0 votre compte Appolyon afin d'acc\u00e9der \u00e0 un chat priv\u00e9 et aux vid\u00e9os des formations propos\u00e9es.","breadcrumb":{"@id":"https:\/\/appolyon.com\/en\/connexion\/#breadcrumb"},"inLanguage":"en-US","potentialAction":[{"@type":"ReadAction","target":["https:\/\/appolyon.com\/en\/connexion\/"]}]},{"@type":"ImageObject","inLanguage":"en-US","@id":"https:\/\/appolyon.com\/en\/connexion\/#primaryimage","url":"https:\/\/appolyon.com\/wp-content\/uploads\/2024\/07\/Icone_Miniature-1.png","contentUrl":"https:\/\/appolyon.com\/wp-content\/uploads\/2024\/07\/Icone_Miniature-1.png","width":119,"height":85},{"@type":"BreadcrumbList","@id":"https:\/\/appolyon.com\/en\/connexion\/#breadcrumb","itemListElement":[{"@type":"ListItem","position":1,"name":"Accueil","item":"https:\/\/appolyon.com\/"},{"@type":"ListItem","position":2,"name":"Connexion"}]},{"@type":"WebSite","@id":"https:\/\/appolyon.com\/en\/#website","url":"https:\/\/appolyon.com\/en\/","name":"Appolyon","description":"","publisher":{"@id":"https:\/\/appolyon.com\/en\/#organization"},"potentialAction":[{"@type":"SearchAction","target":{"@type":"EntryPoint","urlTemplate":"https:\/\/appolyon.com\/en\/?s={search_term_string}"},"query-input":{"@type":"PropertyValueSpecification","valueRequired":true,"valueName":"search_term_string"}}],"inLanguage":"en-US"},{"@type":"Organization","@id":"https:\/\/appolyon.com\/en\/#organization","name":"Appolyon","url":"https:\/\/appolyon.com\/en\/","logo":{"@type":"ImageObject","inLanguage":"en-US","@id":"https:\/\/appolyon.com\/en\/#\/schema\/logo\/image\/","url":"https:\/\/appolyon.com\/wp-content\/uploads\/2024\/07\/cropped-appolyon-png-grande-taille.webp","contentUrl":"https:\/\/appolyon.com\/wp-content\/uploads\/2024\/07\/cropped-appolyon-png-grande-taille.webp","width":1760,"height":359,"caption":"Appolyon"},"image":{"@id":"https:\/\/appolyon.com\/en\/#\/schema\/logo\/image\/"},"sameAs":["https:\/\/www.instagram.com\/appolyon_design\/","https:\/\/www.linkedin.com\/company\/appolyon\/","https:\/\/www.tiktok.com\/@appolyon_design"]}]}},"_links":{"self":[{"href":"https:\/\/appolyon.com\/en\/wp-json\/wp\/v2\/pages\/7382","targetHints":{"allow":["GET"]}}],"collection":[{"href":"https:\/\/appolyon.com\/en\/wp-json\/wp\/v2\/pages"}],"about":[{"href":"https:\/\/appolyon.com\/en\/wp-json\/wp\/v2\/types\/page"}],"author":[{"embeddable":true,"href":"https:\/\/appolyon.com\/en\/wp-json\/wp\/v2\/users\/1"}],"replies":[{"embeddable":true,"href":"https:\/\/appolyon.com\/en\/wp-json\/wp\/v2\/comments?post=7382"}],"version-history":[{"count":129,"href":"https:\/\/appolyon.com\/en\/wp-json\/wp\/v2\/pages\/7382\/revisions"}],"predecessor-version":[{"id":13916,"href":"https:\/\/appolyon.com\/en\/wp-json\/wp\/v2\/pages\/7382\/revisions\/13916"}],"wp:featuredmedia":[{"embeddable":true,"href":"https:\/\/appolyon.com\/en\/wp-json\/wp\/v2\/media\/6895"}],"wp:attachment":[{"href":"https:\/\/appolyon.com\/en\/wp-json\/wp\/v2\/media?parent=7382"}],"curies":[{"name":"wp","href":"https:\/\/api.w.org\/{rel}","templated":true}]}}