{"id":7372,"date":"2024-07-08T13:05:18","date_gmt":"2024-07-08T13:05:18","guid":{"rendered":"https:\/\/appolyon.com\/?page_id=7372"},"modified":"2024-09-21T12:44:01","modified_gmt":"2024-09-21T12:44:01","slug":"mon-compte","status":"publish","type":"page","link":"https:\/\/appolyon.com\/en\/mon-compte\/","title":{"rendered":"Mon-compte"},"content":{"rendered":"<div data-elementor-type=\"wp-page\" data-elementor-id=\"7372\" class=\"elementor elementor-7372\">\n\t\t\t\t<div class=\"elementor-element elementor-element-fa5938e e-flex e-con-boxed e-con e-parent\" data-id=\"fa5938e\" data-element_type=\"container\">\n\t\t\t\t\t<div class=\"e-con-inner\">\n\t\t\t\t<div class=\"elementor-element elementor-element-8d1f123 elementor-widget elementor-widget-spacer\" data-id=\"8d1f123\" data-element_type=\"widget\" data-widget_type=\"spacer.default\">\n\t\t\t\t<div class=\"elementor-widget-container\">\n\t\t\t\t\t\t\t<div class=\"elementor-spacer\">\n\t\t\t<div class=\"elementor-spacer-inner\"><\/div>\n\t\t<\/div>\n\t\t\t\t\t\t<\/div>\n\t\t\t\t<\/div>\n\t\t\t\t\t<\/div>\n\t\t\t\t<\/div>\n\t\t<div class=\"elementor-element elementor-element-98e7662 e-flex e-con-boxed e-con e-parent\" data-id=\"98e7662\" data-element_type=\"container\">\n\t\t\t\t\t<div class=\"e-con-inner\">\n\t\t\t\t<div class=\"elementor-element elementor-element-4bf8407 elementor-widget elementor-widget-heading\" data-id=\"4bf8407\" data-element_type=\"widget\" data-widget_type=\"heading.default\">\n\t\t\t\t<div class=\"elementor-widget-container\">\n\t\t\t\t\t<h2 class=\"elementor-heading-title elementor-size-default\"><br><br><br>My account<\/h2>\t\t\t\t<\/div>\n\t\t\t\t<\/div>\n\t\t\t\t\t<\/div>\n\t\t\t\t<\/div>\n\t\t<div class=\"elementor-element elementor-element-8f85870 e-flex e-con-boxed e-con e-parent\" data-id=\"8f85870\" data-element_type=\"container\">\n\t\t\t\t\t<div class=\"e-con-inner\">\n\t\t\t\t<div class=\"elementor-element elementor-element-4f9646f elementor-widget elementor-widget-spacer\" data-id=\"4f9646f\" data-element_type=\"widget\" data-widget_type=\"spacer.default\">\n\t\t\t\t<div class=\"elementor-widget-container\">\n\t\t\t\t\t\t\t<div class=\"elementor-spacer\">\n\t\t\t<div class=\"elementor-spacer-inner\"><\/div>\n\t\t<\/div>\n\t\t\t\t\t\t<\/div>\n\t\t\t\t<\/div>\n\t\t\t\t\t<\/div>\n\t\t\t\t<\/div>\n\t\t<div class=\"elementor-element elementor-element-fb7687f e-flex e-con-boxed e-con e-parent\" data-id=\"fb7687f\" data-element_type=\"container\">\n\t\t\t\t\t<div class=\"e-con-inner\">\n\t\t\t\t<div class=\"elementor-element elementor-element-41407f6 elementor-widget elementor-widget-heading\" data-id=\"41407f6\" data-element_type=\"widget\" data-widget_type=\"heading.default\">\n\t\t\t\t<div class=\"elementor-widget-container\">\n\t\t\t\t\t<h2 class=\"elementor-heading-title elementor-size-default\"><br><br><br>Formations<\/h2>\t\t\t\t<\/div>\n\t\t\t\t<\/div>\n\t\t\t\t\t<\/div>\n\t\t\t\t<\/div>\n\t\t<div class=\"elementor-element elementor-element-f8dc478 e-grid e-con-full e-con e-parent\" data-id=\"f8dc478\" data-element_type=\"container\">\n\t\t\t\t<div class=\"elementor-element elementor-element-63e68c4 elementor-widget elementor-widget-html\" data-id=\"63e68c4\" data-element_type=\"widget\" data-widget_type=\"html.default\">\n\t\t\t\t<div class=\"elementor-widget-container\">\n\t\t\t\t\t<a href=\"https:\/\/appolyon.com\/en\/diamond\/\" class=\"video-button-container\">\r\n    <div class=\"video-button\">\r\n        <img decoding=\"async\" src=\"https:\/\/appolyon.com\/wp-content\/uploads\/2024\/05\/EndFrame.png\" class=\"button-image\">\r\n        <video class=\"video-hover\" muted loop>\r\n            <source src=\"https:\/\/appolyon.com\/wp-content\/uploads\/2024\/07\/Diamond_Render.mp4\" type=\"video\/mp4\">\r\n            Votre navigateur ne supporte pas les vid\u00e9os HTML5.\r\n        <\/video>\r\n    <\/div>\r\n<\/a>\r\n\r\n\t\t\t\t<\/div>\n\t\t\t\t<\/div>\n\t\t\t\t<div class=\"elementor-element elementor-element-73f369d elementor-widget elementor-widget-html\" data-id=\"73f369d\" data-element_type=\"widget\" data-widget_type=\"html.default\">\n\t\t\t\t<div class=\"elementor-widget-container\">\n\t\t\t\t\t<a href=\"https:\/\/appolyon.com\/en\/sea-glide\/\" class=\"video-button-container\">\r\n    <div class=\"video-button\">\r\n        <img decoding=\"async\" src=\"https:\/\/appolyon.com\/wp-content\/uploads\/2024\/07\/Sea_Glide_Banner.png\" class=\"button-image\">\r\n        <video class=\"video-hover\" muted loop>\r\n            <source src=\"https:\/\/appolyon.com\/wp-content\/uploads\/2024\/07\/Seaglide.mp4\" type=\"video\/mp4\">\r\n            Votre navigateur ne supporte pas les vid\u00e9os HTML5.\r\n        <\/video>\r\n    <\/div>\r\n<\/a>\r\n\r\n\t\t\t\t<\/div>\n\t\t\t\t<\/div>\n\t\t\t\t<div class=\"elementor-element elementor-element-d0d05d8 elementor-widget elementor-widget-html\" data-id=\"d0d05d8\" data-element_type=\"widget\" data-widget_type=\"html.default\">\n\t\t\t\t<div class=\"elementor-widget-container\">\n\t\t\t\t\t<a href=\"https:\/\/appolyon.com\/en\/tropical-twist\/\" class=\"video-button-container\">\r\n    <div class=\"video-button\">\r\n        <img decoding=\"async\" src=\"https:\/\/appolyon.com\/wp-content\/uploads\/2024\/07\/Tropical_Twist_Banner-1.png\" class=\"button-image\">\r\n        <video class=\"video-hover\" muted loop>\r\n            <source src=\"https:\/\/appolyon.com\/wp-content\/uploads\/2024\/07\/TropicalTwist.mp4\" type=\"video\/mp4\">\r\n            Votre navigateur ne supporte pas les vid\u00e9os HTML5.\r\n        <\/video>\r\n    <\/div>\r\n<\/a>\r\n\r\n\t\t\t\t<\/div>\n\t\t\t\t<\/div>\n\t\t\t\t<div class=\"elementor-element elementor-element-fa954cb elementor-widget elementor-widget-html\" data-id=\"fa954cb\" data-element_type=\"widget\" data-widget_type=\"html.default\">\n\t\t\t\t<div class=\"elementor-widget-container\">\n\t\t\t\t\t<a href=\"https:\/\/appolyon.com\/en\/chromecustom\/\" class=\"video-button-container\">\r\n    <div class=\"video-button\">\r\n        <img decoding=\"async\" src=\"https:\/\/appolyon.com\/wp-content\/uploads\/2024\/07\/mercedes_retouch-1.png\" class=\"button-image\">\r\n        <video class=\"video-hover\" muted loop>\r\n            <source src=\"https:\/\/appolyon.com\/wp-content\/uploads\/2024\/07\/CC.mp4\" type=\"video\/mp4\">\r\n            Votre navigateur ne supporte pas les vid\u00e9os HTML5.\r\n        <\/video>\r\n    <\/div>\r\n<\/a>\r\n\r\n\t\t\t\t<\/div>\n\t\t\t\t<\/div>\n\t\t\t\t<div class=\"elementor-element elementor-element-8a13ff4 elementor-widget elementor-widget-html\" data-id=\"8a13ff4\" data-element_type=\"widget\" data-widget_type=\"html.default\">\n\t\t\t\t<div class=\"elementor-widget-container\">\n\t\t\t\t\t<a href=\"https:\/\/appolyon.com\/en\/ti\/\" class=\"video-button-container\">\r\n    <div class=\"video-button\">\r\n        <img decoding=\"async\" src=\"https:\/\/appolyon.com\/wp-content\/uploads\/2024\/06\/2a2.png\" alt=\"Button Image\" class=\"button-image\">\r\n        <video class=\"video-hover\" muted loop>\r\n            <source src=\"https:\/\/appolyon.com\/wp-content\/uploads\/2024\/07\/Ti.mp4\" type=\"video\/mp4\">\r\n            Votre navigateur ne supporte pas les vid\u00e9os HTML5.\r\n        <\/video>\r\n    <\/div>\r\n<\/a>\r\n\r\n\t\t\t\t<\/div>\n\t\t\t\t<\/div>\n\t\t\t\t<div class=\"elementor-element elementor-element-19d182d elementor-widget elementor-widget-html\" data-id=\"19d182d\" data-element_type=\"widget\" data-widget_type=\"html.default\">\n\t\t\t\t<div class=\"elementor-widget-container\">\n\t\t\t\t\t<a href=\"https:\/\/appolyon.com\/en\/cyno\/\" class=\"video-button-container\">\r\n    <div class=\"video-button\">\r\n        <img decoding=\"async\" src=\"https:\/\/appolyon.com\/wp-content\/uploads\/2024\/07\/1-1.png\" alt=\"Button Image\" class=\"button-image\">\r\n        <video class=\"video-hover\" muted loop>\r\n            <source src=\"https:\/\/appolyon.com\/wp-content\/uploads\/2024\/07\/Cyno.mp4\" type=\"video\/mp4\">\r\n            Votre navigateur ne supporte pas les vid\u00e9os HTML5.\r\n        <\/video>\r\n    <\/div>\r\n<\/a>\r\n\r\n\t\t\t\t<\/div>\n\t\t\t\t<\/div>\n\t\t\t\t<div class=\"elementor-element elementor-element-f76304a elementor-widget elementor-widget-html\" data-id=\"f76304a\" data-element_type=\"widget\" data-widget_type=\"html.default\">\n\t\t\t\t<div class=\"elementor-widget-container\">\n\t\t\t\t\t<a href=\"https:\/\/appolyon.com\/en\/cyno\/\" class=\"video-button-container\">\r\n    <div class=\"video-button\">\r\n        <img decoding=\"async\" src=\"https:\/\/appolyon.com\/wp-content\/uploads\/2024\/07\/1-1.png\" alt=\"Button Image\" class=\"button-image\">\r\n        <video class=\"video-hover\" muted loop>\r\n            <source src=\"https:\/\/appolyon.com\/wp-content\/uploads\/2024\/07\/Cyno.mp4\" type=\"video\/mp4\">\r\n            Votre navigateur ne supporte pas les vid\u00e9os HTML5.\r\n        <\/video>\r\n    <\/div>\r\n<\/a>\r\n\r\n\t\t\t\t<\/div>\n\t\t\t\t<\/div>\n\t\t\t\t<\/div>\n\t\t<div class=\"elementor-element elementor-element-9c1931f e-flex e-con-boxed e-con e-parent\" data-id=\"9c1931f\" data-element_type=\"container\">\n\t\t\t\t\t<div class=\"e-con-inner\">\n\t\t\t\t\t<\/div>\n\t\t\t\t<\/div>\n\t\t<div class=\"elementor-element elementor-element-c3c11cc e-flex e-con-boxed e-con e-parent\" data-id=\"c3c11cc\" data-element_type=\"container\">\n\t\t\t\t\t<div class=\"e-con-inner\">\n\t\t\t\t<div class=\"elementor-element elementor-element-371a7d3 elementor-widget elementor-widget-spacer\" data-id=\"371a7d3\" data-element_type=\"widget\" data-widget_type=\"spacer.default\">\n\t\t\t\t<div class=\"elementor-widget-container\">\n\t\t\t\t\t\t\t<div class=\"elementor-spacer\">\n\t\t\t<div class=\"elementor-spacer-inner\"><\/div>\n\t\t<\/div>\n\t\t\t\t\t\t<\/div>\n\t\t\t\t<\/div>\n\t\t\t\t\t<\/div>\n\t\t\t\t<\/div>\n\t\t\t\t<\/div>","protected":false},"excerpt":{"rendered":"<p>Mon compte Formations Votre navigateur ne supporte pas les vid\u00e9os HTML5. Votre navigateur ne supporte pas les vid\u00e9os HTML5. Votre navigateur ne supporte pas les vid\u00e9os HTML5. Votre navigateur ne supporte pas les vid\u00e9os HTML5. Votre navigateur ne supporte pas les vid\u00e9os HTML5. Votre navigateur ne supporte pas les vid\u00e9os HTML5. Votre navigateur ne supporte [&hellip;]<\/p>","protected":false},"author":1,"featured_media":6895,"parent":0,"menu_order":0,"comment_status":"closed","ping_status":"closed","template":"","meta":{"content-type":"","footnotes":""},"class_list":["post-7372","page","type-page","status-publish","has-post-thumbnail","hentry","entry","has-media","owp-thumbs-layout-horizontal","owp-btn-normal","owp-tabs-layout-horizontal","has-no-thumbnails","has-product-nav"],"yoast_head":"<!-- This site is optimized with the Yoast SEO plugin v26.3 - https:\/\/yoast.com\/wordpress\/plugins\/seo\/ -->\n<title>Mon-compte - Appolyon<\/title>\n<meta name=\"description\" content=\"Dans votre compte Appolyon vous pouvez acc\u00e9der \u00e0 un chat priv\u00e9 afin de r\u00e9pondre \u00e0 toutes vos questions et aux vid\u00e9os des formations.\" \/>\n<meta name=\"robots\" content=\"index, follow, max-snippet:-1, max-image-preview:large, max-video-preview:-1\" \/>\n<link rel=\"canonical\" href=\"https:\/\/appolyon.com\/en\/mon-compte\/\" \/>\n<meta property=\"og:locale\" content=\"en_US\" \/>\n<meta property=\"og:type\" content=\"article\" \/>\n<meta property=\"og:title\" content=\"Mon-compte - Appolyon\" \/>\n<meta property=\"og:description\" content=\"Dans votre compte Appolyon vous pouvez acc\u00e9der \u00e0 un chat priv\u00e9 afin de r\u00e9pondre \u00e0 toutes vos questions et aux vid\u00e9os des formations.\" \/>\n<meta property=\"og:url\" content=\"https:\/\/appolyon.com\/en\/mon-compte\/\" \/>\n<meta property=\"og:site_name\" content=\"Appolyon\" \/>\n<meta property=\"article:modified_time\" content=\"2024-09-21T12:44:01+00:00\" \/>\n<meta property=\"og:image\" content=\"https:\/\/appolyon.com\/wp-content\/uploads\/2024\/07\/Icone_Miniature-1.png\" \/>\n\t<meta property=\"og:image:width\" content=\"119\" \/>\n\t<meta property=\"og:image:height\" content=\"85\" \/>\n\t<meta property=\"og:image:type\" content=\"image\/png\" \/>\n<meta name=\"twitter:card\" content=\"summary_large_image\" \/>\n<meta name=\"twitter:label1\" content=\"Est. reading time\" \/>\n\t<meta name=\"twitter:data1\" content=\"2 minutes\" \/>\n<script type=\"application\/ld+json\" class=\"yoast-schema-graph\">{\"@context\":\"https:\/\/schema.org\",\"@graph\":[{\"@type\":\"WebPage\",\"@id\":\"https:\/\/appolyon.com\/en\/mon-compte\/\",\"url\":\"https:\/\/appolyon.com\/en\/mon-compte\/\",\"name\":\"Mon-compte - Appolyon\",\"isPartOf\":{\"@id\":\"https:\/\/appolyon.com\/en\/#website\"},\"primaryImageOfPage\":{\"@id\":\"https:\/\/appolyon.com\/en\/mon-compte\/#primaryimage\"},\"image\":{\"@id\":\"https:\/\/appolyon.com\/en\/mon-compte\/#primaryimage\"},\"thumbnailUrl\":\"https:\/\/appolyon.com\/wp-content\/uploads\/2024\/07\/Icone_Miniature-1.png\",\"datePublished\":\"2024-07-08T13:05:18+00:00\",\"dateModified\":\"2024-09-21T12:44:01+00:00\",\"description\":\"Dans votre compte Appolyon vous pouvez acc\u00e9der \u00e0 un chat priv\u00e9 afin de r\u00e9pondre \u00e0 toutes vos questions et aux vid\u00e9os des formations.\",\"breadcrumb\":{\"@id\":\"https:\/\/appolyon.com\/en\/mon-compte\/#breadcrumb\"},\"inLanguage\":\"en-US\",\"potentialAction\":[{\"@type\":\"ReadAction\",\"target\":[\"https:\/\/appolyon.com\/en\/mon-compte\/\"]}]},{\"@type\":\"ImageObject\",\"inLanguage\":\"en-US\",\"@id\":\"https:\/\/appolyon.com\/en\/mon-compte\/#primaryimage\",\"url\":\"https:\/\/appolyon.com\/wp-content\/uploads\/2024\/07\/Icone_Miniature-1.png\",\"contentUrl\":\"https:\/\/appolyon.com\/wp-content\/uploads\/2024\/07\/Icone_Miniature-1.png\",\"width\":119,\"height\":85},{\"@type\":\"BreadcrumbList\",\"@id\":\"https:\/\/appolyon.com\/en\/mon-compte\/#breadcrumb\",\"itemListElement\":[{\"@type\":\"ListItem\",\"position\":1,\"name\":\"Accueil\",\"item\":\"https:\/\/appolyon.com\/\"},{\"@type\":\"ListItem\",\"position\":2,\"name\":\"Mon-compte\"}]},{\"@type\":\"WebSite\",\"@id\":\"https:\/\/appolyon.com\/en\/#website\",\"url\":\"https:\/\/appolyon.com\/en\/\",\"name\":\"Appolyon\",\"description\":\"\",\"publisher\":{\"@id\":\"https:\/\/appolyon.com\/en\/#organization\"},\"potentialAction\":[{\"@type\":\"SearchAction\",\"target\":{\"@type\":\"EntryPoint\",\"urlTemplate\":\"https:\/\/appolyon.com\/en\/?s={search_term_string}\"},\"query-input\":{\"@type\":\"PropertyValueSpecification\",\"valueRequired\":true,\"valueName\":\"search_term_string\"}}],\"inLanguage\":\"en-US\"},{\"@type\":\"Organization\",\"@id\":\"https:\/\/appolyon.com\/en\/#organization\",\"name\":\"Appolyon\",\"url\":\"https:\/\/appolyon.com\/en\/\",\"logo\":{\"@type\":\"ImageObject\",\"inLanguage\":\"en-US\",\"@id\":\"https:\/\/appolyon.com\/en\/#\/schema\/logo\/image\/\",\"url\":\"https:\/\/appolyon.com\/wp-content\/uploads\/2024\/07\/cropped-appolyon-png-grande-taille.webp\",\"contentUrl\":\"https:\/\/appolyon.com\/wp-content\/uploads\/2024\/07\/cropped-appolyon-png-grande-taille.webp\",\"width\":1760,\"height\":359,\"caption\":\"Appolyon\"},\"image\":{\"@id\":\"https:\/\/appolyon.com\/en\/#\/schema\/logo\/image\/\"},\"sameAs\":[\"https:\/\/www.instagram.com\/appolyon_design\/\",\"https:\/\/www.linkedin.com\/company\/appolyon\/\",\"https:\/\/www.tiktok.com\/@appolyon_design\"]}]}<\/script>\n<!-- \/ Yoast SEO plugin. -->","yoast_head_json":{"title":"Mon-compte - Appolyon","description":"Dans votre compte Appolyon vous pouvez acc\u00e9der \u00e0 un chat priv\u00e9 afin de r\u00e9pondre \u00e0 toutes vos questions et aux vid\u00e9os des formations.","robots":{"index":"index","follow":"follow","max-snippet":"max-snippet:-1","max-image-preview":"max-image-preview:large","max-video-preview":"max-video-preview:-1"},"canonical":"https:\/\/appolyon.com\/en\/mon-compte\/","og_locale":"en_US","og_type":"article","og_title":"Mon-compte - Appolyon","og_description":"Dans votre compte Appolyon vous pouvez acc\u00e9der \u00e0 un chat priv\u00e9 afin de r\u00e9pondre \u00e0 toutes vos questions et aux vid\u00e9os des formations.","og_url":"https:\/\/appolyon.com\/en\/mon-compte\/","og_site_name":"Appolyon","article_modified_time":"2024-09-21T12:44:01+00:00","og_image":[{"width":119,"height":85,"url":"https:\/\/appolyon.com\/wp-content\/uploads\/2024\/07\/Icone_Miniature-1.png","type":"image\/png"}],"twitter_card":"summary_large_image","twitter_misc":{"Est. reading time":"2 minutes"},"schema":{"@context":"https:\/\/schema.org","@graph":[{"@type":"WebPage","@id":"https:\/\/appolyon.com\/en\/mon-compte\/","url":"https:\/\/appolyon.com\/en\/mon-compte\/","name":"Mon-compte - Appolyon","isPartOf":{"@id":"https:\/\/appolyon.com\/en\/#website"},"primaryImageOfPage":{"@id":"https:\/\/appolyon.com\/en\/mon-compte\/#primaryimage"},"image":{"@id":"https:\/\/appolyon.com\/en\/mon-compte\/#primaryimage"},"thumbnailUrl":"https:\/\/appolyon.com\/wp-content\/uploads\/2024\/07\/Icone_Miniature-1.png","datePublished":"2024-07-08T13:05:18+00:00","dateModified":"2024-09-21T12:44:01+00:00","description":"Dans votre compte Appolyon vous pouvez acc\u00e9der \u00e0 un chat priv\u00e9 afin de r\u00e9pondre \u00e0 toutes vos questions et aux vid\u00e9os des formations.","breadcrumb":{"@id":"https:\/\/appolyon.com\/en\/mon-compte\/#breadcrumb"},"inLanguage":"en-US","potentialAction":[{"@type":"ReadAction","target":["https:\/\/appolyon.com\/en\/mon-compte\/"]}]},{"@type":"ImageObject","inLanguage":"en-US","@id":"https:\/\/appolyon.com\/en\/mon-compte\/#primaryimage","url":"https:\/\/appolyon.com\/wp-content\/uploads\/2024\/07\/Icone_Miniature-1.png","contentUrl":"https:\/\/appolyon.com\/wp-content\/uploads\/2024\/07\/Icone_Miniature-1.png","width":119,"height":85},{"@type":"BreadcrumbList","@id":"https:\/\/appolyon.com\/en\/mon-compte\/#breadcrumb","itemListElement":[{"@type":"ListItem","position":1,"name":"Accueil","item":"https:\/\/appolyon.com\/"},{"@type":"ListItem","position":2,"name":"Mon-compte"}]},{"@type":"WebSite","@id":"https:\/\/appolyon.com\/en\/#website","url":"https:\/\/appolyon.com\/en\/","name":"Appolyon","description":"","publisher":{"@id":"https:\/\/appolyon.com\/en\/#organization"},"potentialAction":[{"@type":"SearchAction","target":{"@type":"EntryPoint","urlTemplate":"https:\/\/appolyon.com\/en\/?s={search_term_string}"},"query-input":{"@type":"PropertyValueSpecification","valueRequired":true,"valueName":"search_term_string"}}],"inLanguage":"en-US"},{"@type":"Organization","@id":"https:\/\/appolyon.com\/en\/#organization","name":"Appolyon","url":"https:\/\/appolyon.com\/en\/","logo":{"@type":"ImageObject","inLanguage":"en-US","@id":"https:\/\/appolyon.com\/en\/#\/schema\/logo\/image\/","url":"https:\/\/appolyon.com\/wp-content\/uploads\/2024\/07\/cropped-appolyon-png-grande-taille.webp","contentUrl":"https:\/\/appolyon.com\/wp-content\/uploads\/2024\/07\/cropped-appolyon-png-grande-taille.webp","width":1760,"height":359,"caption":"Appolyon"},"image":{"@id":"https:\/\/appolyon.com\/en\/#\/schema\/logo\/image\/"},"sameAs":["https:\/\/www.instagram.com\/appolyon_design\/","https:\/\/www.linkedin.com\/company\/appolyon\/","https:\/\/www.tiktok.com\/@appolyon_design"]}]}},"_links":{"self":[{"href":"https:\/\/appolyon.com\/en\/wp-json\/wp\/v2\/pages\/7372","targetHints":{"allow":["GET"]}}],"collection":[{"href":"https:\/\/appolyon.com\/en\/wp-json\/wp\/v2\/pages"}],"about":[{"href":"https:\/\/appolyon.com\/en\/wp-json\/wp\/v2\/types\/page"}],"author":[{"embeddable":true,"href":"https:\/\/appolyon.com\/en\/wp-json\/wp\/v2\/users\/1"}],"replies":[{"embeddable":true,"href":"https:\/\/appolyon.com\/en\/wp-json\/wp\/v2\/comments?post=7372"}],"version-history":[{"count":20,"href":"https:\/\/appolyon.com\/en\/wp-json\/wp\/v2\/pages\/7372\/revisions"}],"predecessor-version":[{"id":7861,"href":"https:\/\/appolyon.com\/en\/wp-json\/wp\/v2\/pages\/7372\/revisions\/7861"}],"wp:featuredmedia":[{"embeddable":true,"href":"https:\/\/appolyon.com\/en\/wp-json\/wp\/v2\/media\/6895"}],"wp:attachment":[{"href":"https:\/\/appolyon.com\/en\/wp-json\/wp\/v2\/media?parent=7372"}],"curies":[{"name":"wp","href":"https:\/\/api.w.org\/{rel}","templated":true}]}}