{"id":14700,"date":"2024-09-07T17:35:11","date_gmt":"2024-09-07T17:35:11","guid":{"rendered":"https:\/\/appolyon.com\/?page_id=14700"},"modified":"2024-09-08T19:53:50","modified_gmt":"2024-09-08T19:53:50","slug":"pop-up","status":"publish","type":"page","link":"https:\/\/appolyon.com\/en\/pop-up\/","title":{"rendered":"Pop-up"},"content":{"rendered":"<div data-elementor-type=\"wp-page\" data-elementor-id=\"14700\" class=\"elementor elementor-14700\">\n\t\t\t\t<div class=\"elementor-element elementor-element-d865255 e-flex e-con-boxed e-con e-parent\" data-id=\"d865255\" data-element_type=\"container\">\n\t\t\t\t\t<div class=\"e-con-inner\">\n\t\t\t\t<div class=\"elementor-element elementor-element-2bd8324 elementor-widget__width-initial elementor-widget elementor-widget-heading\" data-id=\"2bd8324\" data-element_type=\"widget\" data-widget_type=\"heading.default\">\n\t\t\t\t<div class=\"elementor-widget-container\">\n\t\t\t\t\t<h2 class=\"elementor-heading-title elementor-size-default\"><br><br><br>La formation est en cr\u00e9ation, nous vous invitons \u00e0 nous donner votre e-mail afin d'\u00eatre contact\u00e9 d\u00e8s que celle-ci est pr\u00eate.<\/h2>\t\t\t\t<\/div>\n\t\t\t\t<\/div>\n\t\t\t\t\t<\/div>\n\t\t\t\t<\/div>\n\t\t<div class=\"elementor-element elementor-element-329355a e-flex e-con-boxed e-con e-parent\" data-id=\"329355a\" data-element_type=\"container\">\n\t\t\t\t\t<div class=\"e-con-inner\">\n\t\t\t\t<div class=\"elementor-element elementor-element-9273bb5 elementor-widget elementor-widget-jet-form-builder-form\" data-id=\"9273bb5\" data-element_type=\"widget\" id=\"pop-close\" data-widget_type=\"jet-form-builder-form.default\">\n\t\t\t\t<div class=\"elementor-widget-container\">\n\t\t\t\t\t<link rel='stylesheet' id='wp-block-library-css' href='https:\/\/appolyon.com\/wp-includes\/css\/dist\/block-library\/style.min.css?ver=6.9.4' media='all' \/>\n<style id=\"jet-form-builder-14698-inline-css\"><\/style><form  class=\"jet-form-builder layout-column submit-type-reload\" action=\"https:\/\/appolyon.com\/en\/wp-json\/wp\/v2\/pages\/14700\/?xDtw7I=SRvbntjFRv&#038;method=reload\" method=\"POST\" data-form-id=\"14698\" data-layout=\"column\" enctype=\"multipart\/form-data\" novalidate=\"null\" ssr_validation_method=\"rest\" data-trp-original-action=\"https:\/\/appolyon.com\/en\/wp-json\/wp\/v2\/pages\/14700\/?xDtw7I=SRvbntjFRv&amp;method=reload\"><input type=\"hidden\" id=\"_wpnonce\" name=\"_wpnonce\" value=\"547cc25888\" \/><input type=\"hidden\" name=\"_wp_http_referer\" value=\"\/en\/wp-json\/wp\/v2\/pages\/14700\" \/>\r\n<input type=\"hidden\" name=\"_jfb_current_render_states[]\" value=\"DEFAULT.STATE\" data-jfb-sync \/><input type=\"hidden\" class=\"jet-form-builder__field hidden-field\" name=\"_jet_engine_booking_form_id\" data-field-name=\"_jet_engine_booking_form_id\" value=\"14698\">\n<input type=\"hidden\" class=\"jet-form-builder__field hidden-field\" name=\"_jet_engine_refer\" data-field-name=\"_jet_engine_refer\" value=\"https:\/\/appolyon.com\/en\/wp-json\/wp\/v2\/pages\/14700\/\">\n<input type=\"hidden\" class=\"jet-form-builder__field hidden-field\" name=\"__queried_post_id\" data-field-name=\"__queried_post_id\" value=\"14700\">\n\n<p><\/p>\n\n\n<div  class=\"jet-form-builder-row field-type-text-field\" >\n<div class=\"jet-form-builder__label\">\r\n<div class=\"jet-form-builder__label-text\">Email <span class=\"jet-form-builder__required\">*<\/span><\/div><\/div><div class=\"jet-form-builder__field-wrap\">\n\t\t\t\t<input required=\"required\" name=\"email\" id=\"email\" type=\"email\" data-field-name=\"email\" class=\"jet-form-builder__field text-field\" data-jfb-sync=\"null\" autocomplete=\"off_qa45WmcX\">\n\t\t\t\t\t<\/div>\n<\/div>\n\n<div  class=\"jet-form-builder-row field-type-checkbox-field\" >\n<div class=\"jet-form-builder__fields-group checkradio-wrap\" data-jfb-sync><div class=\"jet-form-builder__field-wrap checkboxes-wrap checkradio-wrap\"><label class=\"jet-form-builder__field-label for-checkbox\">\n<input type=\"checkbox\" name=\"field_name\" value=\"J&#039;ai lu et j&#039;accepte les politiques de confidentialit\u00e9 d&#039;Appolyon\" data-field-name=\"field_name\"  class=\"jet-form-builder__field checkboxes-field checkradio-field\" required=\"required\"><span>J'ai lu et j'accepte les politiques de confidentialit\u00e9 d'Appolyon<\/span><\/label><\/div><\/div>\n<\/div>\n\n<input type=\"hidden\" class=\"captcha-token\" name=\"_captcha_token\" value=\"\"\/><div  class=\"jet-form-builder-row field-type-submit-field\" >\n\t<div data-type=\"submit\" class=\"jet-form-builder__action-button-wrapper jet-form-builder__submit-wrap\">\n\t<button class=\"jet-form-builder__action-button jet-form-builder__submit submit-type-reload\" type=\"submit\">Send<\/button>\n\t<\/div>\n\t\n<\/div>\n\n\n<p><\/p>\n\t<div class=\"jet-form-builder-messages-wrap\" data-form-id=\"14698\"><\/div>\n<input type=\"hidden\" name=\"trp-form-language\" value=\"en\"\/><\/form>\n\t\t\t\t<\/div>\n\t\t\t\t<\/div>\n\t\t\t\t\t<\/div>\n\t\t\t\t<\/div>\n\t\t\t\t<\/div>","protected":false},"excerpt":{"rendered":"<p>La formation est en cr\u00e9ation, nous vous invitons \u00e0 nous donner votre e-mail afin d&rsquo;\u00eatre contact\u00e9 d\u00e8s que celle-ci est pr\u00eate. Email * J&rsquo;ai lu et j&rsquo;accepte les politiques de confidentialit\u00e9s d&rsquo;Appolyon ENVOYER<\/p>","protected":false},"author":1,"featured_media":0,"parent":0,"menu_order":0,"comment_status":"closed","ping_status":"closed","template":"","meta":{"content-type":"","footnotes":""},"class_list":["post-14700","page","type-page","status-publish","hentry","entry","owp-thumbs-layout-horizontal","owp-btn-normal","owp-tabs-layout-horizontal","has-no-thumbnails","has-product-nav"],"yoast_head":"<!-- This site is optimized with the Yoast SEO plugin v26.3 - https:\/\/yoast.com\/wordpress\/plugins\/seo\/ -->\n<title>Pop-up - Appolyon<\/title>\n<meta name=\"robots\" content=\"index, follow, max-snippet:-1, max-image-preview:large, max-video-preview:-1\" \/>\n<link rel=\"canonical\" href=\"https:\/\/appolyon.com\/en\/pop-up\/\" \/>\n<meta property=\"og:locale\" content=\"en_US\" \/>\n<meta property=\"og:type\" content=\"article\" \/>\n<meta property=\"og:title\" content=\"Pop-up - Appolyon\" \/>\n<meta property=\"og:description\" content=\"La formation est en cr\u00e9ation, nous vous invitons \u00e0 nous donner votre e-mail afin d&rsquo;\u00eatre contact\u00e9 d\u00e8s que celle-ci est pr\u00eate. Email * J&rsquo;ai lu et j&rsquo;accepte les politiques de confidentialit\u00e9s d&rsquo;Appolyon ENVOYER\" \/>\n<meta property=\"og:url\" content=\"https:\/\/appolyon.com\/en\/pop-up\/\" \/>\n<meta property=\"og:site_name\" content=\"Appolyon\" \/>\n<meta property=\"article:modified_time\" content=\"2024-09-08T19:53:50+00:00\" \/>\n<meta name=\"twitter:card\" content=\"summary_large_image\" \/>\n<meta name=\"twitter:label1\" content=\"Est. reading time\" \/>\n\t<meta name=\"twitter:data1\" content=\"1 minute\" \/>\n<script type=\"application\/ld+json\" class=\"yoast-schema-graph\">{\"@context\":\"https:\/\/schema.org\",\"@graph\":[{\"@type\":\"WebPage\",\"@id\":\"https:\/\/appolyon.com\/en\/pop-up\/\",\"url\":\"https:\/\/appolyon.com\/en\/pop-up\/\",\"name\":\"Pop-up - Appolyon\",\"isPartOf\":{\"@id\":\"https:\/\/appolyon.com\/en\/#website\"},\"datePublished\":\"2024-09-07T17:35:11+00:00\",\"dateModified\":\"2024-09-08T19:53:50+00:00\",\"breadcrumb\":{\"@id\":\"https:\/\/appolyon.com\/en\/pop-up\/#breadcrumb\"},\"inLanguage\":\"en-US\",\"potentialAction\":[{\"@type\":\"ReadAction\",\"target\":[\"https:\/\/appolyon.com\/en\/pop-up\/\"]}]},{\"@type\":\"BreadcrumbList\",\"@id\":\"https:\/\/appolyon.com\/en\/pop-up\/#breadcrumb\",\"itemListElement\":[{\"@type\":\"ListItem\",\"position\":1,\"name\":\"Accueil\",\"item\":\"https:\/\/appolyon.com\/\"},{\"@type\":\"ListItem\",\"position\":2,\"name\":\"Pop-up\"}]},{\"@type\":\"WebSite\",\"@id\":\"https:\/\/appolyon.com\/en\/#website\",\"url\":\"https:\/\/appolyon.com\/en\/\",\"name\":\"Appolyon\",\"description\":\"\",\"publisher\":{\"@id\":\"https:\/\/appolyon.com\/en\/#organization\"},\"potentialAction\":[{\"@type\":\"SearchAction\",\"target\":{\"@type\":\"EntryPoint\",\"urlTemplate\":\"https:\/\/appolyon.com\/en\/?s={search_term_string}\"},\"query-input\":{\"@type\":\"PropertyValueSpecification\",\"valueRequired\":true,\"valueName\":\"search_term_string\"}}],\"inLanguage\":\"en-US\"},{\"@type\":\"Organization\",\"@id\":\"https:\/\/appolyon.com\/en\/#organization\",\"name\":\"Appolyon\",\"url\":\"https:\/\/appolyon.com\/en\/\",\"logo\":{\"@type\":\"ImageObject\",\"inLanguage\":\"en-US\",\"@id\":\"https:\/\/appolyon.com\/en\/#\/schema\/logo\/image\/\",\"url\":\"https:\/\/appolyon.com\/wp-content\/uploads\/2024\/07\/cropped-appolyon-png-grande-taille.webp\",\"contentUrl\":\"https:\/\/appolyon.com\/wp-content\/uploads\/2024\/07\/cropped-appolyon-png-grande-taille.webp\",\"width\":1760,\"height\":359,\"caption\":\"Appolyon\"},\"image\":{\"@id\":\"https:\/\/appolyon.com\/en\/#\/schema\/logo\/image\/\"},\"sameAs\":[\"https:\/\/www.instagram.com\/appolyon_design\/\",\"https:\/\/www.linkedin.com\/company\/appolyon\/\",\"https:\/\/www.tiktok.com\/@appolyon_design\"]}]}<\/script>\n<!-- \/ Yoast SEO plugin. -->","yoast_head_json":{"title":"Pop-up - Appolyon","robots":{"index":"index","follow":"follow","max-snippet":"max-snippet:-1","max-image-preview":"max-image-preview:large","max-video-preview":"max-video-preview:-1"},"canonical":"https:\/\/appolyon.com\/en\/pop-up\/","og_locale":"en_US","og_type":"article","og_title":"Pop-up - Appolyon","og_description":"La formation est en cr\u00e9ation, nous vous invitons \u00e0 nous donner votre e-mail afin d&rsquo;\u00eatre contact\u00e9 d\u00e8s que celle-ci est pr\u00eate. Email * J&rsquo;ai lu et j&rsquo;accepte les politiques de confidentialit\u00e9s d&rsquo;Appolyon ENVOYER","og_url":"https:\/\/appolyon.com\/en\/pop-up\/","og_site_name":"Appolyon","article_modified_time":"2024-09-08T19:53:50+00:00","twitter_card":"summary_large_image","twitter_misc":{"Est. reading time":"1 minute"},"schema":{"@context":"https:\/\/schema.org","@graph":[{"@type":"WebPage","@id":"https:\/\/appolyon.com\/en\/pop-up\/","url":"https:\/\/appolyon.com\/en\/pop-up\/","name":"Pop-up - Appolyon","isPartOf":{"@id":"https:\/\/appolyon.com\/en\/#website"},"datePublished":"2024-09-07T17:35:11+00:00","dateModified":"2024-09-08T19:53:50+00:00","breadcrumb":{"@id":"https:\/\/appolyon.com\/en\/pop-up\/#breadcrumb"},"inLanguage":"en-US","potentialAction":[{"@type":"ReadAction","target":["https:\/\/appolyon.com\/en\/pop-up\/"]}]},{"@type":"BreadcrumbList","@id":"https:\/\/appolyon.com\/en\/pop-up\/#breadcrumb","itemListElement":[{"@type":"ListItem","position":1,"name":"Accueil","item":"https:\/\/appolyon.com\/"},{"@type":"ListItem","position":2,"name":"Pop-up"}]},{"@type":"WebSite","@id":"https:\/\/appolyon.com\/en\/#website","url":"https:\/\/appolyon.com\/en\/","name":"Appolyon","description":"","publisher":{"@id":"https:\/\/appolyon.com\/en\/#organization"},"potentialAction":[{"@type":"SearchAction","target":{"@type":"EntryPoint","urlTemplate":"https:\/\/appolyon.com\/en\/?s={search_term_string}"},"query-input":{"@type":"PropertyValueSpecification","valueRequired":true,"valueName":"search_term_string"}}],"inLanguage":"en-US"},{"@type":"Organization","@id":"https:\/\/appolyon.com\/en\/#organization","name":"Appolyon","url":"https:\/\/appolyon.com\/en\/","logo":{"@type":"ImageObject","inLanguage":"en-US","@id":"https:\/\/appolyon.com\/en\/#\/schema\/logo\/image\/","url":"https:\/\/appolyon.com\/wp-content\/uploads\/2024\/07\/cropped-appolyon-png-grande-taille.webp","contentUrl":"https:\/\/appolyon.com\/wp-content\/uploads\/2024\/07\/cropped-appolyon-png-grande-taille.webp","width":1760,"height":359,"caption":"Appolyon"},"image":{"@id":"https:\/\/appolyon.com\/en\/#\/schema\/logo\/image\/"},"sameAs":["https:\/\/www.instagram.com\/appolyon_design\/","https:\/\/www.linkedin.com\/company\/appolyon\/","https:\/\/www.tiktok.com\/@appolyon_design"]}]}},"_links":{"self":[{"href":"https:\/\/appolyon.com\/en\/wp-json\/wp\/v2\/pages\/14700","targetHints":{"allow":["GET"]}}],"collection":[{"href":"https:\/\/appolyon.com\/en\/wp-json\/wp\/v2\/pages"}],"about":[{"href":"https:\/\/appolyon.com\/en\/wp-json\/wp\/v2\/types\/page"}],"author":[{"embeddable":true,"href":"https:\/\/appolyon.com\/en\/wp-json\/wp\/v2\/users\/1"}],"replies":[{"embeddable":true,"href":"https:\/\/appolyon.com\/en\/wp-json\/wp\/v2\/comments?post=14700"}],"version-history":[{"count":42,"href":"https:\/\/appolyon.com\/en\/wp-json\/wp\/v2\/pages\/14700\/revisions"}],"predecessor-version":[{"id":14817,"href":"https:\/\/appolyon.com\/en\/wp-json\/wp\/v2\/pages\/14700\/revisions\/14817"}],"wp:attachment":[{"href":"https:\/\/appolyon.com\/en\/wp-json\/wp\/v2\/media?parent=14700"}],"curies":[{"name":"wp","href":"https:\/\/api.w.org\/{rel}","templated":true}]}}